{"id":1082,"date":"2024-05-27T20:44:56","date_gmt":"2024-05-27T20:44:56","guid":{"rendered":"https:\/\/lovystore.com\/?page_id=435"},"modified":"2025-06-21T23:47:25","modified_gmt":"2025-06-21T23:47:25","slug":"refund_returns","status":"publish","type":"page","link":"https:\/\/www.lovystore.com\/index.php\/refund_returns\/","title":{"rendered":"Return Policy"},"content":{"rendered":"\t\t<div data-elementor-type=\"wp-page\" data-elementor-id=\"1082\" class=\"elementor elementor-1082\" data-elementor-post-type=\"page\">\n\t\t\t\t\t\t<section class=\"elementor-section elementor-top-section elementor-element elementor-element-3ba3ea5b elementor-section-boxed elementor-section-height-default elementor-section-height-default\" data-id=\"3ba3ea5b\" data-element_type=\"section\">\n\t\t\t\t\t\t<div class=\"elementor-container elementor-column-gap-default\">\n\t\t\t\t\t<div class=\"elementor-column elementor-col-100 elementor-top-column elementor-element elementor-element-c59696a\" data-id=\"c59696a\" data-element_type=\"column\">\n\t\t\t<div class=\"elementor-widget-wrap elementor-element-populated\">\n\t\t\t\t\t\t<div class=\"elementor-element elementor-element-3041b3e6 elementor-widget elementor-widget-text-editor\" data-id=\"3041b3e6\" data-element_type=\"widget\" data-widget_type=\"text-editor.default\">\n\t\t\t\t<div class=\"elementor-widget-container\">\n\t\t\t\t\t\t\t\t\t<p><\/p>\n<p>En <strong>Lovy Store<\/strong>, nos esforzamos por ofrecerte productos de la m\u00e1s alta calidad y asegurarnos de que quedes completamente satisfecho con tu compra. Si por alguna raz\u00f3n no est\u00e1s completamente feliz con tu pedido, te ofrecemos una <strong>pol\u00edtica de devoluciones<\/strong> sencilla y clara.<\/p>\n<p><\/p>\n<p><strong>Plazo para Devoluciones:<\/strong> Tienes <strong>3 d\u00edas<\/strong> despu\u00e9s de recibir tu pedido para realizar una devoluci\u00f3n, siempre que el producto se encuentre en su estado original, sin usar, con las etiquetas intactas y en su embalaje original.<\/p>\n<p><\/p>\n<p><strong>Motivo de la Devoluci\u00f3n:<\/strong> Aceptamos devoluciones \u00fanicamente por <strong>problemas de talla<\/strong>. Si la talla que has recibido no te queda bien, podr\u00e1s devolver el art\u00edculo para cambiarlo por la talla correcta. Si la talla solicitada no est\u00e1 disponible, se realizar\u00e1 un <strong>cambio por otro estilo<\/strong> con la talla disponible que m\u00e1s se ajuste a tus preferencias.<\/p>\n<p><\/p>\n<p><strong>Proceso de Devoluci\u00f3n:<\/strong><\/p>\n<p><\/p>\n<ol class=\"wp-block-list\">\n<li style=\"list-style-type: none;\">\n<ol class=\"wp-block-list\"><\/ol>\n<\/li>\n<\/ol>\n<p>\u00a0<\/p>\n<ol class=\"wp-block-list\">\n<li style=\"list-style-type: none;\">\n<ol class=\"wp-block-list\">\n<li><strong>Cont\u00e1ctanos<\/strong> dentro de los <strong>3 d\u00edas<\/strong> posteriores a la recepci\u00f3n de tu pedido para informarnos sobre la devoluci\u00f3n.<\/li>\n<\/ol>\n<\/li>\n<\/ol>\n<p><\/p>\n<ol class=\"wp-block-list\">\n<li style=\"list-style-type: none;\">\n<ol class=\"wp-block-list\">\n<li>Env\u00eda un correo a <strong><a>info@lovystore.com<\/a><\/strong> o cont\u00e1ctanos a trav\u00e9s de nuestro WhatsApp al <strong>909-909-09-05<\/strong>, indicando tu n\u00famero de pedido, el motivo de la devoluci\u00f3n y el producto que deseas cambiar.<\/li>\n<\/ol>\n<\/li>\n<\/ol>\n<p><\/p>\n<ol class=\"wp-block-list\">\n<li style=\"list-style-type: none;\">\n<ol class=\"wp-block-list\">\n<li>Una vez aprobada la devoluci\u00f3n, te proporcionaremos instrucciones para el env\u00edo del producto de vuelta a nuestras instalaciones.<\/li>\n<\/ol>\n<\/li>\n<\/ol>\n<p><\/p>\n<p><\/p>\n<p><strong>Costo de la Devoluci\u00f3n:<\/strong> El costo de la devoluci\u00f3n ser\u00e1 de <strong>$5 USD<\/strong>. Este monto se deducir\u00e1 del total del cambio o se cobrar\u00e1 como parte del proceso de la devoluci\u00f3n.<\/p>\n<p>\u00a0<\/p>\n<p><\/p>\n<p><strong>Condiciones de la Devoluci\u00f3n:<\/strong><\/p>\n<p><\/p>\n<ul class=\"wp-block-list\">\n<li style=\"list-style-type: none;\">\n<ul class=\"wp-block-list\"><\/ul>\n<\/li>\n<\/ul>\n<p>\u00a0<\/p>\n<ul class=\"wp-block-list\">\n<li style=\"list-style-type: none;\">\n<ul class=\"wp-block-list\">\n<li>El producto debe estar en <strong>condiciones originales<\/strong> (sin signos de uso).<\/li>\n<\/ul>\n<\/li>\n<\/ul>\n<p><\/p>\n<ul class=\"wp-block-list\">\n<li style=\"list-style-type: none;\">\n<ul class=\"wp-block-list\">\n<li>No se aceptan devoluciones de productos que hayan sido usados o da\u00f1ados.<\/li>\n<\/ul>\n<\/li>\n<\/ul>\n<p><\/p>\n<ul class=\"wp-block-list\">\n<li style=\"list-style-type: none;\">\n<ul class=\"wp-block-list\">\n<li>Los costos de env\u00edo de la devoluci\u00f3n son responsabilidad del cliente, a menos que el producto est\u00e9 defectuoso o haya un error en el env\u00edo.<\/li>\n<\/ul>\n<\/li>\n<\/ul>\n<p><\/p>\n<p><\/p>\n<p><strong>Cambios por Talla o Estilo:<\/strong> Si la talla no est\u00e1 disponible, te ofrecemos la opci\u00f3n de cambiar por un <strong>producto de otro estilo<\/strong>, siempre y cuando el art\u00edculo est\u00e9 en stock.<\/p>\n<p><\/p>\n<p><strong>Reembolsos:<\/strong> Lamentablemente, no realizamos <strong>reembolsos<\/strong> por devoluci\u00f3n de productos. Solo ofrecemos <strong>cambios<\/strong> por talla o estilo seg\u00fan disponibilidad.<\/p>\n<p><\/p>\t\t\t\t\t\t\t\t<\/div>\n\t\t\t\t<\/div>\n\t\t\t\t\t<\/div>\n\t\t<\/div>\n\t\t\t\t\t<\/div>\n\t\t<\/section>\n\t\t\t\t<\/div>\n\t\t","protected":false},"excerpt":{"rendered":"<p>En Lovy Store, nos esforzamos por ofrecerte productos de la m\u00e1s alta calidad y asegurarnos de que quedes completamente satisfecho con tu compra. Si por alguna<span class=\"excerpt-hellip\"> [\u2026]<\/span><\/p>\n","protected":false},"author":1,"featured_media":0,"parent":0,"menu_order":0,"comment_status":"open","ping_status":"closed","template":"","meta":{"om_disable_all_campaigns":false,"_monsterinsights_skip_tracking":false,"_monsterinsights_sitenote_active":false,"_monsterinsights_sitenote_note":"","_monsterinsights_sitenote_category":0,"footnotes":""},"class_list":["post-1082","page","type-page","status-publish","hentry"],"jetpack_sharing_enabled":true,"_links":{"self":[{"href":"https:\/\/www.lovystore.com\/index.php\/wp-json\/wp\/v2\/pages\/1082","targetHints":{"allow":["GET"]}}],"collection":[{"href":"https:\/\/www.lovystore.com\/index.php\/wp-json\/wp\/v2\/pages"}],"about":[{"href":"https:\/\/www.lovystore.com\/index.php\/wp-json\/wp\/v2\/types\/page"}],"author":[{"embeddable":true,"href":"https:\/\/www.lovystore.com\/index.php\/wp-json\/wp\/v2\/users\/1"}],"replies":[{"embeddable":true,"href":"https:\/\/www.lovystore.com\/index.php\/wp-json\/wp\/v2\/comments?post=1082"}],"version-history":[{"count":10,"href":"https:\/\/www.lovystore.com\/index.php\/wp-json\/wp\/v2\/pages\/1082\/revisions"}],"predecessor-version":[{"id":2395,"href":"https:\/\/www.lovystore.com\/index.php\/wp-json\/wp\/v2\/pages\/1082\/revisions\/2395"}],"wp:attachment":[{"href":"https:\/\/www.lovystore.com\/index.php\/wp-json\/wp\/v2\/media?parent=1082"}],"curies":[{"name":"wp","href":"https:\/\/api.w.org\/{rel}","templated":true}]}}