{"id":1853,"date":"2024-07-09T23:29:41","date_gmt":"2024-07-09T23:29:41","guid":{"rendered":"https:\/\/lovystore.com\/index.php\/product\/link-talco\/"},"modified":"2026-04-20T02:58:26","modified_gmt":"2026-04-20T02:58:26","slug":"link-talco","status":"publish","type":"product","link":"https:\/\/www.lovystore.com\/index.php\/product\/link-talco\/","title":{"rendered":"Link Talco | canoas, altura 4 cms, resistentes al agua, c\u00f3modas y livianas, alta calidad, calzado Colombiano."},"content":{"rendered":"<p>Sandalias colombianas tipo canoa de amarre, con una altura de 3 cm y acabados en cuero sint\u00e9tico blanco. Son s\u00faper c\u00f3modas y livianas, disponibles en los colores gold, rosa y oro. Perfectas para un estilo elegante y c\u00f3modo.<\/p>\n","protected":false},"excerpt":{"rendered":"<p>Sandalias colombianas tipo canoa de amarre, con una altura de 3 cm y acabados en cuero sint\u00e9tico blanco. Son s\u00faper c\u00f3modas y livianas, disponibles en los<span class=\"excerpt-hellip\"> [\u2026]<\/span><\/p>\n","protected":false},"featured_media":2058,"comment_status":"closed","ping_status":"closed","template":"","meta":{"om_disable_all_campaigns":false,"_monsterinsights_skip_tracking":false,"_monsterinsights_sitenote_active":false,"_monsterinsights_sitenote_note":"","_monsterinsights_sitenote_category":0},"product_brand":[],"product_cat":[16],"product_tag":[],"class_list":{"0":"post-1853","1":"product","2":"type-product","3":"status-publish","4":"has-post-thumbnail","6":"product_cat-canoas","8":"first","9":"instock","10":"taxable","11":"shipping-taxable","12":"purchasable","13":"product-type-variable"},"jetpack_sharing_enabled":true,"_links":{"self":[{"href":"https:\/\/www.lovystore.com\/index.php\/wp-json\/wp\/v2\/product\/1853","targetHints":{"allow":["GET"]}}],"collection":[{"href":"https:\/\/www.lovystore.com\/index.php\/wp-json\/wp\/v2\/product"}],"about":[{"href":"https:\/\/www.lovystore.com\/index.php\/wp-json\/wp\/v2\/types\/product"}],"replies":[{"embeddable":true,"href":"https:\/\/www.lovystore.com\/index.php\/wp-json\/wp\/v2\/comments?post=1853"}],"version-history":[{"count":3,"href":"https:\/\/www.lovystore.com\/index.php\/wp-json\/wp\/v2\/product\/1853\/revisions"}],"predecessor-version":[{"id":2642,"href":"https:\/\/www.lovystore.com\/index.php\/wp-json\/wp\/v2\/product\/1853\/revisions\/2642"}],"wp:featuredmedia":[{"embeddable":true,"href":"https:\/\/www.lovystore.com\/index.php\/wp-json\/wp\/v2\/media\/2058"}],"wp:attachment":[{"href":"https:\/\/www.lovystore.com\/index.php\/wp-json\/wp\/v2\/media?parent=1853"}],"wp:term":[{"taxonomy":"product_brand","embeddable":true,"href":"https:\/\/www.lovystore.com\/index.php\/wp-json\/wp\/v2\/product_brand?post=1853"},{"taxonomy":"product_cat","embeddable":true,"href":"https:\/\/www.lovystore.com\/index.php\/wp-json\/wp\/v2\/product_cat?post=1853"},{"taxonomy":"product_tag","embeddable":true,"href":"https:\/\/www.lovystore.com\/index.php\/wp-json\/wp\/v2\/product_tag?post=1853"}],"curies":[{"name":"wp","href":"https:\/\/api.w.org\/{rel}","templated":true}]}}