{"id":2841,"date":"2026-03-17T16:29:00","date_gmt":"2026-03-17T16:29:00","guid":{"rendered":"https:\/\/www.lovystore.com\/?post_type=product&#038;p=2841"},"modified":"2026-04-20T03:22:20","modified_gmt":"2026-04-20T03:22:20","slug":"2841","status":"publish","type":"product","link":"https:\/\/www.lovystore.com\/index.php\/product\/2841\/","title":{"rendered":"Darey | plataforma , sandalias colombianas en yute, c\u00f3modas, ultra livianas 7cm de altura"},"content":{"rendered":"<p>\u00faltima Unidad,livianas,altura de 7cm c\u00f3modas, material Yut\u00e9. Hechas en Colombia<\/p>\n","protected":false},"excerpt":{"rendered":"<p>\u00faltima Unidad,livianas,altura de 7cm c\u00f3modas, material Yut\u00e9. Hechas en Colombia<\/p>\n","protected":false},"featured_media":2840,"comment_status":"open","ping_status":"closed","template":"","meta":{"om_disable_all_campaigns":false,"_monsterinsights_skip_tracking":false,"_monsterinsights_sitenote_active":false,"_monsterinsights_sitenote_note":"","_monsterinsights_sitenote_category":0},"product_brand":[],"product_cat":[142,14],"product_tag":[],"class_list":{"0":"post-2841","1":"product","2":"type-product","3":"status-publish","4":"has-post-thumbnail","6":"product_cat-en-oferta","7":"product_cat-plataformas","9":"first","10":"instock","11":"taxable","12":"shipping-taxable","13":"purchasable","14":"product-type-variable"},"jetpack_sharing_enabled":true,"_links":{"self":[{"href":"https:\/\/www.lovystore.com\/index.php\/wp-json\/wp\/v2\/product\/2841","targetHints":{"allow":["GET"]}}],"collection":[{"href":"https:\/\/www.lovystore.com\/index.php\/wp-json\/wp\/v2\/product"}],"about":[{"href":"https:\/\/www.lovystore.com\/index.php\/wp-json\/wp\/v2\/types\/product"}],"replies":[{"embeddable":true,"href":"https:\/\/www.lovystore.com\/index.php\/wp-json\/wp\/v2\/comments?post=2841"}],"version-history":[{"count":3,"href":"https:\/\/www.lovystore.com\/index.php\/wp-json\/wp\/v2\/product\/2841\/revisions"}],"predecessor-version":[{"id":3184,"href":"https:\/\/www.lovystore.com\/index.php\/wp-json\/wp\/v2\/product\/2841\/revisions\/3184"}],"wp:featuredmedia":[{"embeddable":true,"href":"https:\/\/www.lovystore.com\/index.php\/wp-json\/wp\/v2\/media\/2840"}],"wp:attachment":[{"href":"https:\/\/www.lovystore.com\/index.php\/wp-json\/wp\/v2\/media?parent=2841"}],"wp:term":[{"taxonomy":"product_brand","embeddable":true,"href":"https:\/\/www.lovystore.com\/index.php\/wp-json\/wp\/v2\/product_brand?post=2841"},{"taxonomy":"product_cat","embeddable":true,"href":"https:\/\/www.lovystore.com\/index.php\/wp-json\/wp\/v2\/product_cat?post=2841"},{"taxonomy":"product_tag","embeddable":true,"href":"https:\/\/www.lovystore.com\/index.php\/wp-json\/wp\/v2\/product_tag?post=2841"}],"curies":[{"name":"wp","href":"https:\/\/api.w.org\/{rel}","templated":true}]}}